{"id":1485,"date":"2023-12-05T14:33:29","date_gmt":"2023-12-05T19:33:29","guid":{"rendered":"https:\/\/matherealiser.fse.ulaval.ca\/?page_id=1485"},"modified":"2024-01-10T16:14:42","modified_gmt":"2024-01-10T21:14:42","slug":"join-us","status":"publish","type":"page","link":"https:\/\/matherealiser.fse.ulaval.ca\/en\/join-us\/","title":{"rendered":"Join us"},"content":{"rendered":"\n<section class=\"wp-block-csrtcommun-gutenberg-block-bloc-strate  strate bg-undefined\" aria-label=\"\"><div class=\"strate-contenu\">\n<div class=\"wp-block-csrtcommun-gutenberg-block-bloc-nous-joindre bloc-nous-joindre__wrapper\"><div class=\"bloc-col-gauche__wrapper\"><div class=\"titre\">Claudia Corriveau<\/div><div class=\"adresse\">Pavillon des Sciences de l&#8217;\u00e9ducation,<br \/>2320, rue des Biblioth\u00e8ques, local 1230<br \/>Universit\u00e9 Laval <br \/>Qu\u00e9bec (Qu\u00e9bec)\u00a0\u00a0G1V 0A6<\/div><div class=\"telephone\"><a href=\"tel:418 656-2131 ;402183\" aria-label=\"Num\u00e9ro de t\u00e9l\u00e9phone : 4 1 8 6 5 6 2 1 3 1 poste 4 0 2 1 8 3\"><span aria-hidden=\"true\">418 656-2131 #402183<\/span><\/a><\/div><div class=\"courriel\"><a href=\"mailto:claudia.corriveau@ulaval.fse.ca\" aria-label=\"Adresse courriel claudia.corriveau@ulaval.fse.ca\">claudia.corriveau@ulaval.fse.ca<\/a><\/div><\/div><div class=\"bloc-col-droite__wrapper\"><div><\/div><\/div><\/div>\n<div class=\"clearFix\"><\/div><\/div><\/section>\n\n\n\n<section class=\"wp-block-csrtcommun-gutenberg-block-bloc-strate  strate bg-undefined\" aria-label=\"\"><div class=\"strate-contenu\">\n<div class=\"wp-block-csrtcommun-gutenberg-block-bloc-nous-joindre bloc-nous-joindre__wrapper\"><div class=\"bloc-col-gauche__wrapper\"><div class=\"titre\">Doris Jeannotte<\/div><div class=\"adresse\">D\u00e9partement de math\u00e9matiques<br \/>201, Avenue du Pr\u00e9sident-Kennedy, local PK-5915<br \/>UQAM<br \/>Montr\u00e9al (Qu\u00e9bec) H2X 3Y7<\/div><div class=\"telephone\"><a href=\"tel:514 987-3000 ;5265\" aria-label=\"Num\u00e9ro de t\u00e9l\u00e9phone : 5 1 4 9 8 7 3 0 0 0 poste 5 2 6 5\"><span aria-hidden=\"true\">514 987-3000 #5265<\/span><\/a><\/div><div class=\"courriel\"><a href=\"mailto:jeannotte.doris@uqam.ca\" aria-label=\"Adresse courriel jeannotte.doris@uqam.ca\">jeannotte.doris@uqam.ca<\/a><\/div><\/div><div class=\"bloc-col-droite__wrapper\"><div><\/div><\/div><\/div>\n<div class=\"clearFix\"><\/div><\/div><\/section>\n","protected":false},"excerpt":{"rendered":"","protected":false},"author":67,"featured_media":0,"parent":0,"menu_order":0,"comment_status":"closed","ping_status":"closed","template":"page-titre.php","meta":{"_acf_changed":false,"footnotes":""},"class_list":["post-1485","page","type-page","status-publish","hentry"],"acf":[],"_links":{"self":[{"href":"https:\/\/matherealiser.fse.ulaval.ca\/en\/wp-json\/wp\/v2\/pages\/1485","targetHints":{"allow":["GET"]}}],"collection":[{"href":"https:\/\/matherealiser.fse.ulaval.ca\/en\/wp-json\/wp\/v2\/pages"}],"about":[{"href":"https:\/\/matherealiser.fse.ulaval.ca\/en\/wp-json\/wp\/v2\/types\/page"}],"author":[{"embeddable":true,"href":"https:\/\/matherealiser.fse.ulaval.ca\/en\/wp-json\/wp\/v2\/users\/67"}],"replies":[{"embeddable":true,"href":"https:\/\/matherealiser.fse.ulaval.ca\/en\/wp-json\/wp\/v2\/comments?post=1485"}],"version-history":[{"count":2,"href":"https:\/\/matherealiser.fse.ulaval.ca\/en\/wp-json\/wp\/v2\/pages\/1485\/revisions"}],"predecessor-version":[{"id":1507,"href":"https:\/\/matherealiser.fse.ulaval.ca\/en\/wp-json\/wp\/v2\/pages\/1485\/revisions\/1507"}],"wp:attachment":[{"href":"https:\/\/matherealiser.fse.ulaval.ca\/en\/wp-json\/wp\/v2\/media?parent=1485"}],"curies":[{"name":"wp","href":"https:\/\/api.w.org\/{rel}","templated":true}]}}