{"id":1477,"date":"2023-12-05T14:17:03","date_gmt":"2023-12-05T19:17:03","guid":{"rendered":"https:\/\/matherealiser.fse.ulaval.ca\/?page_id=1477"},"modified":"2023-12-05T14:20:28","modified_gmt":"2023-12-05T19:20:28","slug":"interesting-links","status":"publish","type":"page","link":"https:\/\/matherealiser.fse.ulaval.ca\/en\/interesting-links\/","title":{"rendered":"Interesting links"},"content":{"rendered":"\n<section class=\"wp-block-csrtcommun-gutenberg-block-bloc-strate  strate bg-undefined\" aria-label=\"\"><div class=\"strate-contenu\">\n<div class=\"wp-block-csrtcommun-gutenberg-block-bloc-largeur-3-4 bloc-largeur-3-4__wrapper\">\n<div class=\"wp-block-getwid-icon has-layout-framed\"><div class=\"wp-block-getwid-icon__wrapper has-text-color\" style=\"color:#f60707\"><i class=\"far fa-paper-plane\"><\/i><\/div><\/div>\n\n\n\n<h2 class=\"wp-block-heading margin-top-20 accent margin-top-50\">Articles<\/h2>\n\n\n\n<div class=\"wp-block-getwid-content-timeline gauche\" data-animation=\"none\" data-filling=\"true\"><div class=\"wp-block-getwid-content-timeline__line\"><div class=\"wp-block-getwid-content-timeline__bar\"><\/div><\/div><div class=\"wp-block-getwid-content-timeline__wrapper\">\n<div class=\"wp-block-getwid-content-timeline-item\"><div class=\"wp-block-getwid-content-timeline-item__wrapper\"><div class=\"wp-block-getwid-content-timeline-item__card\"><div class=\"wp-block-getwid-content-timeline-item__card-wrapper\"><div class=\"wp-block-getwid-content-timeline-item__content-wrapper\">\n<h3 class=\"wp-block-heading\">Osana, H. P., Przednowek, K., Cooperman, A., &amp; Adrien, E. (2017). <a href=\"https:\/\/www.researchgate.net\/publication\/318256388_Encoding_Effects_on_First-Graders%27_Use_of_Manipulatives\" data-type=\"link\" data-id=\"https:\/\/www.researchgate.net\/publication\/318256388_Encoding_Effects_on_First-Graders%27_Use_of_Manipulatives\">Encoding effects on first-graders\u2019 use of manipulatives<\/a>. <em>Journal of Experimental Education<\/em>, 1-19.<\/h3>\n<\/div><\/div><\/div><div class=\"wp-block-getwid-content-timeline-item__point\"><div class=\"wp-block-getwid-content-timeline-item__point-content\"><\/div><\/div><div class=\"wp-block-getwid-content-timeline-item__meta\"><\/div><\/div><\/div>\n\n\n\n<div class=\"wp-block-getwid-content-timeline-item\"><div class=\"wp-block-getwid-content-timeline-item__wrapper\"><div class=\"wp-block-getwid-content-timeline-item__card\"><div class=\"wp-block-getwid-content-timeline-item__card-wrapper\"><div class=\"wp-block-getwid-content-timeline-item__content-wrapper\">\n<h3 class=\"wp-block-heading\">Osana, H. P., Adrien, E., &amp; Duponsel, N. (2017). <a href=\"https:\/\/www.researchgate.net\/publication\/353431063_Effects_of_Instructional_Guidance_and_Sequencing_of_Manipulatives_and_Written_Symbols_on_Second_Graders%27_Numeration_Knowledge\" data-type=\"link\" data-id=\"https:\/\/www.researchgate.net\/publication\/353431063_Effects_of_Instructional_Guidance_and_Sequencing_of_Manipulatives_and_Written_Symbols_on_Second_Graders%27_Numeration_Knowledge\">Effects of instructional guidance and sequencing of manipulatives and written symbols on second graders\u2019 numeration knowledge<\/a>. <em>Education Sciences, 7<\/em>(2), 52-74.<\/h3>\n<\/div><\/div><\/div><div class=\"wp-block-getwid-content-timeline-item__point\"><div class=\"wp-block-getwid-content-timeline-item__point-content\"><\/div><\/div><div class=\"wp-block-getwid-content-timeline-item__meta\"><\/div><\/div><\/div>\n\n\n\n<div class=\"wp-block-getwid-content-timeline-item\"><div class=\"wp-block-getwid-content-timeline-item__wrapper\"><div class=\"wp-block-getwid-content-timeline-item__card\"><div class=\"wp-block-getwid-content-timeline-item__card-wrapper\"><div class=\"wp-block-getwid-content-timeline-item__content-wrapper\">\n<h3 class=\"wp-block-heading\">Carbonneau, K. J., Marley, S. C. et Selig, J. P. (2013). <a href=\"https:\/\/www.researchgate.net\/publication\/248701204_A_Meta-Analysis_of_the_Efficacy_of_Teaching_Mathematics_With_Concrete_Manipulatives\" data-type=\"link\" data-id=\"https:\/\/www.researchgate.net\/publication\/248701204_A_Meta-Analysis_of_the_Efficacy_of_Teaching_Mathematics_With_Concrete_Manipulatives\">A meta-analysis of the efficacy of teaching mathematics with concrete manipulatives<\/a>. <em>Journal of Educational Psychology<\/em>, <em>105<\/em>(2), 380-400. doi: 10.1037\/a0031084<\/h3>\n<\/div><\/div><\/div><div class=\"wp-block-getwid-content-timeline-item__point\"><div class=\"wp-block-getwid-content-timeline-item__point-content\"><\/div><\/div><div class=\"wp-block-getwid-content-timeline-item__meta\"><\/div><\/div><\/div>\n\n\n\n<div class=\"wp-block-getwid-content-timeline-item\"><div class=\"wp-block-getwid-content-timeline-item__wrapper\"><div class=\"wp-block-getwid-content-timeline-item__card\"><div class=\"wp-block-getwid-content-timeline-item__card-wrapper\"><div class=\"wp-block-getwid-content-timeline-item__content-wrapper\">\n<h3 class=\"wp-block-heading\">Mura, R. (2001). <a href=\"https:\/\/www.researchgate.net\/publication\/241724574_L%27Epaisseur_d%27un_decimetre_carre\" data-type=\"link\" data-id=\"https:\/\/www.researchgate.net\/publication\/241724574_L%27Epaisseur_d%27un_decimetre_carre\">L\u2019\u00c9paisseur d\u2019un d\u00e9cim\u00e8tre carr\u00e9.<\/a> <em>Canadian Journal of Science, Mathematics and Technology Education<\/em>, <em>1<\/em>(3), 291-303.Poirier, L. (1999). R\u00e9flexions autour du mat\u00e9riel de manipulation. <em>Instantan\u00e9s math\u00e9matiques.<\/em> (Septembre), 4-12.<\/h3>\n<\/div><\/div><\/div><div class=\"wp-block-getwid-content-timeline-item__point\"><div class=\"wp-block-getwid-content-timeline-item__point-content\"><\/div><\/div><div class=\"wp-block-getwid-content-timeline-item__meta\"><\/div><\/div><\/div>\n\n\n\n<div class=\"wp-block-getwid-content-timeline-item\"><div class=\"wp-block-getwid-content-timeline-item__wrapper\"><div class=\"wp-block-getwid-content-timeline-item__card\"><div class=\"wp-block-getwid-content-timeline-item__card-wrapper\"><div class=\"wp-block-getwid-content-timeline-item__content-wrapper\">\n<h3 class=\"wp-block-heading\">Lajoie, C. et Roberta M. (1995). <a href=\"https:\/\/www.amq.math.ca\/wp-content\/uploads\/instantanes-math\/Vol_XXXI_no_4_1995_mai_pages_7_15.pdf\" data-type=\"link\" data-id=\"https:\/\/www.amq.math.ca\/wp-content\/uploads\/instantanes-math\/Vol_XXXI_no_4_1995_mai_pages_7_15.pdf\">La division par z\u00e9ro ou le danger d&#8217;un trop grand attachement au concret.<\/a> <em>Instantan\u00e9s Math\u00e9matiques<\/em>, <em>XXXI<\/em>(4), 7-15.<\/h3>\n<\/div><\/div><\/div><div class=\"wp-block-getwid-content-timeline-item__point\"><div class=\"wp-block-getwid-content-timeline-item__point-content\"><\/div><\/div><div class=\"wp-block-getwid-content-timeline-item__meta\"><\/div><\/div><\/div>\n\n\n\n<div class=\"wp-block-getwid-content-timeline-item\"><div class=\"wp-block-getwid-content-timeline-item__wrapper\"><div class=\"wp-block-getwid-content-timeline-item__card\"><div class=\"wp-block-getwid-content-timeline-item__card-wrapper\"><div class=\"wp-block-getwid-content-timeline-item__content-wrapper\">\n<h3 class=\"wp-block-heading\">Ball, D. L. (1992). Magical hopes: Manipulatives and the reform of math education. <em>American Educator: the professional journal of the American Federation of Teachers<\/em>, 16(2).<\/h3>\n<\/div><\/div><\/div><div class=\"wp-block-getwid-content-timeline-item__point\"><div class=\"wp-block-getwid-content-timeline-item__point-content\"><\/div><\/div><div class=\"wp-block-getwid-content-timeline-item__meta\"><\/div><\/div><\/div>\n<\/div><\/div>\n\n\n\n<h2 class=\"wp-block-heading margin-top-50 accent\">Books<\/h2>\n\n\n\n<div class=\"wp-block-getwid-content-timeline gauche\" data-animation=\"none\" data-filling=\"true\"><div class=\"wp-block-getwid-content-timeline__line\"><div class=\"wp-block-getwid-content-timeline__bar\"><\/div><\/div><div class=\"wp-block-getwid-content-timeline__wrapper\">\n<div class=\"wp-block-getwid-content-timeline-item\"><div class=\"wp-block-getwid-content-timeline-item__wrapper\"><div class=\"wp-block-getwid-content-timeline-item__card\"><div class=\"wp-block-getwid-content-timeline-item__card-wrapper\"><div class=\"wp-block-getwid-content-timeline-item__content-wrapper\">\n<h3 class=\"wp-block-heading\">Fosnot, C. T. &amp; Dolk, M. (2010). <em>Jeunes math\u00e9maticiens en action : Construire le sens du nombre, l\u2019addition et la soustraction<\/em>. Adaptation de Marie-Claude Matteau. Cheneli\u00e8re \u00c9ducation: Canada.<\/h3>\n<\/div><\/div><\/div><div class=\"wp-block-getwid-content-timeline-item__point\"><div class=\"wp-block-getwid-content-timeline-item__point-content\"><\/div><\/div><div class=\"wp-block-getwid-content-timeline-item__meta\"><\/div><\/div><\/div>\n<\/div><\/div>\n\n\n\n<h2 class=\"wp-block-heading margin-top-50 accent\">Websites<\/h2>\n\n\n\n<div class=\"wp-block-getwid-content-timeline gauche\" data-animation=\"none\" data-filling=\"true\"><div class=\"wp-block-getwid-content-timeline__line\"><div class=\"wp-block-getwid-content-timeline__bar\"><\/div><\/div><div class=\"wp-block-getwid-content-timeline__wrapper\">\n<div class=\"wp-block-getwid-content-timeline-item\"><div class=\"wp-block-getwid-content-timeline-item__wrapper\"><div class=\"wp-block-getwid-content-timeline-item__card\"><div class=\"wp-block-getwid-content-timeline-item__card-wrapper\"><div class=\"wp-block-getwid-content-timeline-item__content-wrapper\">\n<h3 class=\"wp-block-heading\"><a rel=\"noreferrer noopener\" href=\"http:\/\/www.google.com\/url?q=http%3A%2F%2Fteachermakers.montclair.edu%2F&amp;sa=D&amp;sntz=1&amp;usg=AFQjCNGsD0vFFQh7mB_wLBvIdC3JxiBdfA\" target=\"_blank\">ReMaking Teaching<\/a><\/h3>\n<\/div><\/div><\/div><div class=\"wp-block-getwid-content-timeline-item__point\"><div class=\"wp-block-getwid-content-timeline-item__point-content\"><\/div><\/div><div class=\"wp-block-getwid-content-timeline-item__meta\"><\/div><\/div><\/div>\n\n\n\n<div class=\"wp-block-getwid-content-timeline-item\"><div class=\"wp-block-getwid-content-timeline-item__wrapper\"><div class=\"wp-block-getwid-content-timeline-item__card\"><div class=\"wp-block-getwid-content-timeline-item__card-wrapper\"><div class=\"wp-block-getwid-content-timeline-item__content-wrapper\">\n<h3 class=\"wp-block-heading\"><a rel=\"noreferrer noopener\" href=\"https:\/\/www.mathlearningcenter.org\/apps\" data-type=\"link\" data-id=\"https:\/\/www.mathlearningcenter.org\/apps\" target=\"_blank\">Math Learning Center<\/a><\/h3>\n<\/div><\/div><\/div><div class=\"wp-block-getwid-content-timeline-item__point\"><div class=\"wp-block-getwid-content-timeline-item__point-content\"><\/div><\/div><div class=\"wp-block-getwid-content-timeline-item__meta\"><\/div><\/div><\/div>\n<\/div><\/div>\n<\/div>\n<div class=\"clearFix\"><\/div><\/div><\/section>\n","protected":false},"excerpt":{"rendered":"","protected":false},"author":67,"featured_media":0,"parent":0,"menu_order":0,"comment_status":"closed","ping_status":"closed","template":"page-titre.php","meta":{"_acf_changed":false,"footnotes":""},"class_list":["post-1477","page","type-page","status-publish","hentry"],"acf":[],"_links":{"self":[{"href":"https:\/\/matherealiser.fse.ulaval.ca\/en\/wp-json\/wp\/v2\/pages\/1477","targetHints":{"allow":["GET"]}}],"collection":[{"href":"https:\/\/matherealiser.fse.ulaval.ca\/en\/wp-json\/wp\/v2\/pages"}],"about":[{"href":"https:\/\/matherealiser.fse.ulaval.ca\/en\/wp-json\/wp\/v2\/types\/page"}],"author":[{"embeddable":true,"href":"https:\/\/matherealiser.fse.ulaval.ca\/en\/wp-json\/wp\/v2\/users\/67"}],"replies":[{"embeddable":true,"href":"https:\/\/matherealiser.fse.ulaval.ca\/en\/wp-json\/wp\/v2\/comments?post=1477"}],"version-history":[{"count":2,"href":"https:\/\/matherealiser.fse.ulaval.ca\/en\/wp-json\/wp\/v2\/pages\/1477\/revisions"}],"predecessor-version":[{"id":1505,"href":"https:\/\/matherealiser.fse.ulaval.ca\/en\/wp-json\/wp\/v2\/pages\/1477\/revisions\/1505"}],"wp:attachment":[{"href":"https:\/\/matherealiser.fse.ulaval.ca\/en\/wp-json\/wp\/v2\/media?parent=1477"}],"curies":[{"name":"wp","href":"https:\/\/api.w.org\/{rel}","templated":true}]}}