{"id":1473,"date":"2023-12-05T14:03:24","date_gmt":"2023-12-05T19:03:24","guid":{"rendered":"https:\/\/matherealiser.fse.ulaval.ca\/?page_id=1473"},"modified":"2023-12-05T14:26:16","modified_gmt":"2023-12-05T19:26:16","slug":"pictures","status":"publish","type":"page","link":"https:\/\/matherealiser.fse.ulaval.ca\/en\/events\/pictures\/","title":{"rendered":"Pictures"},"content":{"rendered":"\n<section class=\"wp-block-csrtcommun-gutenberg-block-bloc-strate  strate bg-undefined\" aria-label=\"\"><div class=\"strate-contenu\">\n<div class=\"wp-block-getwid-icon has-layout-framed\"><div class=\"wp-block-getwid-icon__wrapper has-text-color\" style=\"color:#f60509\"><i class=\"fas fa-camera\"><\/i><\/div><\/div>\n\n\n\n<h2 class=\"wp-block-heading accent\">Pictures of the Math\u00e9R\u00e9aliser&#8217;s team<\/h2>\n\n\n\n<figure class=\"wp-block-gallery has-nested-images columns-2 is-cropped wp-block-gallery-1 is-layout-flex wp-block-gallery-is-layout-flex\">\n<figure class=\"wp-block-image size-large\"><img loading=\"lazy\" decoding=\"async\" width=\"999\" height=\"1008\" data-id=\"265\" src=\"https:\/\/matherealiser.fse.ulaval.ca\/wp-content\/uploads\/sites\/13\/2021\/01\/E\u0301quipe-MR-1.png\" alt=\"\u00c9quipe Math\u00e9R\u00e9aliser. Claudia Corriveau et Doris Jeannotte\" class=\"wp-image-265\"\/><figcaption class=\"wp-element-caption\">Claudia Corriveau and Doris Jeannotte at the GDM conference from May 23 to 25, 2018. <br \/>Credits: GDM Facebook Page.<\/figcaption><\/figure>\n\n\n\n<figure class=\"wp-block-image size-large\"><img loading=\"lazy\" decoding=\"async\" width=\"1024\" height=\"683\" data-id=\"1286\" src=\"https:\/\/matherealiser.fse.ulaval.ca\/wp-content\/uploads\/sites\/13\/2023\/10\/Claudia_salle-1024x683.jpeg\" alt=\"Claudia Corriveau pr\u00e9sentant les jeux d'Emmanuelle Makdissi.\" class=\"wp-image-1286\" srcset=\"https:\/\/matherealiser.fse.ulaval.ca\/wp-content\/uploads\/sites\/13\/2023\/10\/Claudia_salle-1024x683.jpeg 1024w, https:\/\/matherealiser.fse.ulaval.ca\/wp-content\/uploads\/sites\/13\/2023\/10\/Claudia_salle-300x200.jpeg 300w, https:\/\/matherealiser.fse.ulaval.ca\/wp-content\/uploads\/sites\/13\/2023\/10\/Claudia_salle-768x512.jpeg 768w, https:\/\/matherealiser.fse.ulaval.ca\/wp-content\/uploads\/sites\/13\/2023\/10\/Claudia_salle-1536x1024.jpeg 1536w, https:\/\/matherealiser.fse.ulaval.ca\/wp-content\/uploads\/sites\/13\/2023\/10\/Claudia_salle.jpeg 2048w\" sizes=\"auto, (max-width: 1024px) 100vw, 1024px\" \/><figcaption class=\"wp-element-caption\">Claudia Corriveau presenting Emmanuelle Makdissi&#8217;s games at GRMS 2022.<br \/>Credits: GRMS Facebook Page.<\/figcaption><\/figure>\n\n\n\n<figure class=\"wp-block-image size-large\"><img loading=\"lazy\" decoding=\"async\" width=\"1024\" height=\"683\" data-id=\"1288\" src=\"https:\/\/matherealiser.fse.ulaval.ca\/wp-content\/uploads\/sites\/13\/2023\/10\/Claudia_presentation-1024x683.jpeg\" alt=\"Claudia Corriveau au GDM 2022\" class=\"wp-image-1288\" srcset=\"https:\/\/matherealiser.fse.ulaval.ca\/wp-content\/uploads\/sites\/13\/2023\/10\/Claudia_presentation-1024x683.jpeg 1024w, https:\/\/matherealiser.fse.ulaval.ca\/wp-content\/uploads\/sites\/13\/2023\/10\/Claudia_presentation-300x200.jpeg 300w, https:\/\/matherealiser.fse.ulaval.ca\/wp-content\/uploads\/sites\/13\/2023\/10\/Claudia_presentation-768x512.jpeg 768w, https:\/\/matherealiser.fse.ulaval.ca\/wp-content\/uploads\/sites\/13\/2023\/10\/Claudia_presentation-1536x1024.jpeg 1536w, https:\/\/matherealiser.fse.ulaval.ca\/wp-content\/uploads\/sites\/13\/2023\/10\/Claudia_presentation.jpeg 2048w\" sizes=\"auto, (max-width: 1024px) 100vw, 1024px\" \/><figcaption class=\"wp-element-caption\">Claudia Corriveau presenting Emmanuelle Makdissi&#8217;s games at GRMS 2022.<br \/>Credits: GRMS Facebook Page.<\/figcaption><\/figure>\n\n\n\n<figure class=\"wp-block-image size-large\"><img loading=\"lazy\" decoding=\"async\" width=\"1024\" height=\"683\" data-id=\"1290\" src=\"https:\/\/matherealiser.fse.ulaval.ca\/wp-content\/uploads\/sites\/13\/2023\/10\/315026919_551344563666878_3206851272467798794_n-1024x683.jpeg\" alt=\"Jeux d'Emmanuelle Makdissi\" class=\"wp-image-1290\" srcset=\"https:\/\/matherealiser.fse.ulaval.ca\/wp-content\/uploads\/sites\/13\/2023\/10\/315026919_551344563666878_3206851272467798794_n-1024x683.jpeg 1024w, https:\/\/matherealiser.fse.ulaval.ca\/wp-content\/uploads\/sites\/13\/2023\/10\/315026919_551344563666878_3206851272467798794_n-300x200.jpeg 300w, https:\/\/matherealiser.fse.ulaval.ca\/wp-content\/uploads\/sites\/13\/2023\/10\/315026919_551344563666878_3206851272467798794_n-768x512.jpeg 768w, https:\/\/matherealiser.fse.ulaval.ca\/wp-content\/uploads\/sites\/13\/2023\/10\/315026919_551344563666878_3206851272467798794_n-1536x1024.jpeg 1536w, https:\/\/matherealiser.fse.ulaval.ca\/wp-content\/uploads\/sites\/13\/2023\/10\/315026919_551344563666878_3206851272467798794_n.jpeg 2048w\" sizes=\"auto, (max-width: 1024px) 100vw, 1024px\" \/><figcaption class=\"wp-element-caption\">Emmanuelle Makdissi&#8217;s games presented at GRMS 2022.<br \/>Credits: GRMS Facebook Page.<\/figcaption><\/figure>\n\n\n\n<figure class=\"wp-block-image size-large\"><img loading=\"lazy\" decoding=\"async\" width=\"1024\" height=\"768\" data-id=\"1305\" src=\"https:\/\/matherealiser.fse.ulaval.ca\/wp-content\/uploads\/sites\/13\/2023\/10\/393830173_3461125800806123_7024734323822358024_n.jpg\" alt=\"Benjamin et Claudia au MoMath\" class=\"wp-image-1305\" srcset=\"https:\/\/matherealiser.fse.ulaval.ca\/wp-content\/uploads\/sites\/13\/2023\/10\/393830173_3461125800806123_7024734323822358024_n.jpg 1024w, https:\/\/matherealiser.fse.ulaval.ca\/wp-content\/uploads\/sites\/13\/2023\/10\/393830173_3461125800806123_7024734323822358024_n-300x225.jpg 300w, https:\/\/matherealiser.fse.ulaval.ca\/wp-content\/uploads\/sites\/13\/2023\/10\/393830173_3461125800806123_7024734323822358024_n-768x576.jpg 768w\" sizes=\"auto, (max-width: 1024px) 100vw, 1024px\" \/><figcaption class=\"wp-element-caption\">Benjamin Nicolas-Noir and Claudia Corriveau at MoMath, New York.<br \/>Credits: Ivanho\u00e9 Moisan.<\/figcaption><\/figure>\n\n\n\n<figure class=\"wp-block-image size-large\"><img loading=\"lazy\" decoding=\"async\" width=\"1024\" height=\"768\" data-id=\"1307\" src=\"https:\/\/matherealiser.fse.ulaval.ca\/wp-content\/uploads\/sites\/13\/2023\/10\/393774551_325637953447759_446838412151210237_n.jpg\" alt=\"Benjamin et Claudia au MoMath\" class=\"wp-image-1307\" srcset=\"https:\/\/matherealiser.fse.ulaval.ca\/wp-content\/uploads\/sites\/13\/2023\/10\/393774551_325637953447759_446838412151210237_n.jpg 1024w, https:\/\/matherealiser.fse.ulaval.ca\/wp-content\/uploads\/sites\/13\/2023\/10\/393774551_325637953447759_446838412151210237_n-300x225.jpg 300w, https:\/\/matherealiser.fse.ulaval.ca\/wp-content\/uploads\/sites\/13\/2023\/10\/393774551_325637953447759_446838412151210237_n-768x576.jpg 768w\" sizes=\"auto, (max-width: 1024px) 100vw, 1024px\" \/><figcaption class=\"wp-element-caption\">Benjamin Nicolas-Noir and Claudia Corriveau at MoMath, New York.<br \/>Credits: Ivanho\u00e9 Moisan.<\/figcaption><\/figure>\n\n\n\n<figure class=\"wp-block-image size-large\"><img loading=\"lazy\" decoding=\"async\" width=\"617\" height=\"488\" data-id=\"1309\" src=\"https:\/\/matherealiser.fse.ulaval.ca\/wp-content\/uploads\/sites\/13\/2023\/10\/393499382_3731736333738417_1955823517062263731_n-e1697565080783.jpg\" alt=\"Ivanho\u00e9 Moisan et Benjamin Nicolas-Noir \u00e0 l'Universit\u00e9 Colombia, New York.\" class=\"wp-image-1309\" srcset=\"https:\/\/matherealiser.fse.ulaval.ca\/wp-content\/uploads\/sites\/13\/2023\/10\/393499382_3731736333738417_1955823517062263731_n-e1697565080783.jpg 617w, https:\/\/matherealiser.fse.ulaval.ca\/wp-content\/uploads\/sites\/13\/2023\/10\/393499382_3731736333738417_1955823517062263731_n-e1697565080783-300x237.jpg 300w\" sizes=\"auto, (max-width: 617px) 100vw, 617px\" \/><figcaption class=\"wp-element-caption\">Ivanho\u00e9 Moisan and Benjamin Nicolas-Noir at Columbia University, New York.<\/figcaption><\/figure>\n\n\n\n<figure class=\"wp-block-image size-large\"><img loading=\"lazy\" decoding=\"async\" width=\"1024\" height=\"768\" data-id=\"1311\" src=\"https:\/\/matherealiser.fse.ulaval.ca\/wp-content\/uploads\/sites\/13\/2023\/10\/393758664_328950949827093_3261440052619658772_n.jpg\" alt=\"Ivanho\u00e9, Doris et Claudia au congr\u00e8s FabLearn \u00e0 New York 2023\" class=\"wp-image-1311\" srcset=\"https:\/\/matherealiser.fse.ulaval.ca\/wp-content\/uploads\/sites\/13\/2023\/10\/393758664_328950949827093_3261440052619658772_n.jpg 1024w, https:\/\/matherealiser.fse.ulaval.ca\/wp-content\/uploads\/sites\/13\/2023\/10\/393758664_328950949827093_3261440052619658772_n-300x225.jpg 300w, https:\/\/matherealiser.fse.ulaval.ca\/wp-content\/uploads\/sites\/13\/2023\/10\/393758664_328950949827093_3261440052619658772_n-768x576.jpg 768w\" sizes=\"auto, (max-width: 1024px) 100vw, 1024px\" \/><figcaption class=\"wp-element-caption\">Ivanho\u00e9 Moisan, Doris Jeannotte, and Claudia Corriveau at the FabLearn 2023 conference in <br \/>New York. <br \/>Credits: Benjamin Nicolas-Noir.<\/figcaption><\/figure>\n<\/figure>\n<div class=\"clearFix\"><\/div><\/div><\/section>\n","protected":false},"excerpt":{"rendered":"","protected":false},"author":67,"featured_media":0,"parent":1471,"menu_order":0,"comment_status":"closed","ping_status":"closed","template":"page-secondaire-pleine-page.php","meta":{"_acf_changed":false,"footnotes":""},"class_list":["post-1473","page","type-page","status-publish","hentry"],"acf":[],"_links":{"self":[{"href":"https:\/\/matherealiser.fse.ulaval.ca\/en\/wp-json\/wp\/v2\/pages\/1473","targetHints":{"allow":["GET"]}}],"collection":[{"href":"https:\/\/matherealiser.fse.ulaval.ca\/en\/wp-json\/wp\/v2\/pages"}],"about":[{"href":"https:\/\/matherealiser.fse.ulaval.ca\/en\/wp-json\/wp\/v2\/types\/page"}],"author":[{"embeddable":true,"href":"https:\/\/matherealiser.fse.ulaval.ca\/en\/wp-json\/wp\/v2\/users\/67"}],"replies":[{"embeddable":true,"href":"https:\/\/matherealiser.fse.ulaval.ca\/en\/wp-json\/wp\/v2\/comments?post=1473"}],"version-history":[{"count":3,"href":"https:\/\/matherealiser.fse.ulaval.ca\/en\/wp-json\/wp\/v2\/pages\/1473\/revisions"}],"predecessor-version":[{"id":1506,"href":"https:\/\/matherealiser.fse.ulaval.ca\/en\/wp-json\/wp\/v2\/pages\/1473\/revisions\/1506"}],"up":[{"embeddable":true,"href":"https:\/\/matherealiser.fse.ulaval.ca\/en\/wp-json\/wp\/v2\/pages\/1471"}],"wp:attachment":[{"href":"https:\/\/matherealiser.fse.ulaval.ca\/en\/wp-json\/wp\/v2\/media?parent=1473"}],"curies":[{"name":"wp","href":"https:\/\/api.w.org\/{rel}","templated":true}]}}