{"id":1471,"date":"2023-12-05T13:34:48","date_gmt":"2023-12-05T18:34:48","guid":{"rendered":"https:\/\/matherealiser.fse.ulaval.ca\/?page_id=1471"},"modified":"2023-12-05T14:31:53","modified_gmt":"2023-12-05T19:31:53","slug":"events","status":"publish","type":"page","link":"https:\/\/matherealiser.fse.ulaval.ca\/en\/events\/","title":{"rendered":"Events"},"content":{"rendered":"\n<section class=\"wp-block-csrtcommun-gutenberg-block-bloc-strate  strate bg-undefined\" aria-label=\"\"><div class=\"strate-contenu\">\n<div class=\"wp-block-getwid-icon has-layout-framed\"><div class=\"wp-block-getwid-icon__wrapper has-text-color\" style=\"color:#f60509\"><i class=\"far fa-calendar\"><\/i><\/div><\/div>\n\n\n\n<h2 class=\"wp-block-heading margin-top-20 margin-bottom-50 accent margin-top-50\">Upcoming Events<\/h2>\n\n\n<div class=\"posts_bloc__wrapper \"><section class=\"posts_bloc__liste sans-image\"><ul class=\"posts_bloc__liste-ul\"><div class=\"msg-aucun\">No events to display.<\/div><\/ul><\/section><\/div>\n\n\n<h2 class=\"wp-block-heading margin-top-50 accent\">Past Events<\/h2>\n\n\n<div class=\"posts_bloc__wrapper \"><section class=\"posts_bloc__liste horizontal\"><ul class=\"posts_bloc__liste-ul\"><li class=\"posts_bloc__article horizontal evenement grid-3-posts\"><div class=\"posts_bloc__article-titre\"><h3>Presentation at the FabLearn International Conference<\/h3><\/div><div class=\"posts_bloc__article-date\"><span>Oct 7, 2023 to Oct 11, 2023<\/span><\/div><div class=\"posts_bloc__article-lieu\"><span>NewYork<\/span><\/div><a class=\"posts_bloc__article-lien\" href=\"https:\/\/matherealiser.fse.ulaval.ca\/en\/evenements-en\/presentation-at-the-fablearn-international-conference\/\"><span class=\"texte-hors-ecran\">Presentation at the FabLearn International Conference<\/span><\/a><\/li><li class=\"posts_bloc__article horizontal evenement grid-3-posts\"><div class=\"posts_bloc__article-titre\"><h3>Presentation at the PME-NA 2023 conference<\/h3><\/div><div class=\"posts_bloc__article-date\"><span>Oct 2, 2023<\/span><\/div><div class=\"posts_bloc__article-lieu\"><span>Atlantis Hotel and Casino Conference Center, Reno, Nevada<\/span><\/div><a class=\"posts_bloc__article-lien\" href=\"https:\/\/matherealiser.fse.ulaval.ca\/en\/evenements-en\/presentation-at-the-pme-na-2023-conference\/\"><span class=\"texte-hors-ecran\">Presentation at the PME-NA 2023 conference<\/span><\/a><\/li><li class=\"posts_bloc__article horizontal evenement grid-3-posts\"><div class=\"posts_bloc__article-titre\"><h3>47th Congress of the Learning Disabilities Institute<\/h3><\/div><div class=\"posts_bloc__article-date\"><span>Mar 23, 2022 to Mar 25, 2022<\/span><\/div><a class=\"posts_bloc__article-lien\" href=\"https:\/\/matherealiser.fse.ulaval.ca\/en\/evenements-en\/47th-congress-of-the-learning-disabilities-institute\/\"><span class=\"texte-hors-ecran\">47th Congress of the Learning Disabilities Institute<\/span><\/a><\/li><li class=\"posts_bloc__article horizontal evenement grid-3-posts\"><div class=\"posts_bloc__article-titre\"><h3>2nd Virtual Cambodia International Conference on Mentoring Educators 2021 (CICME) &#8211; Mentoring Educators to support STEAM Education<\/h3><\/div><div class=\"posts_bloc__article-date\"><span>Nov 15, 2021 to Nov 17, 2021<\/span><\/div><a class=\"posts_bloc__article-lien\" href=\"https:\/\/matherealiser.fse.ulaval.ca\/en\/evenements-en\/2nd-virtual-cambodia-international-conference-on-mentoring-educators-2021-cicme-mentoring-educators-to-support-steam-education\/\"><span class=\"texte-hors-ecran\">2nd Virtual Cambodia International Conference on Mentoring Educators 2021 (CICME) &#8211; Mentoring Educators to support STEAM Education<\/span><\/a><\/li><li class=\"posts_bloc__article horizontal evenement grid-3-posts\"><div class=\"posts_bloc__article-titre\"><h3>AMQ 2021 Congress \u2013 Mathematical Connections<\/h3><\/div><div class=\"posts_bloc__article-date\"><span>Oct 15, 2021 to Oct 21, 2021<\/span><\/div><a class=\"posts_bloc__article-lien\" href=\"https:\/\/matherealiser.fse.ulaval.ca\/en\/evenements-en\/amq-2021-congress-mathematical-connections\/\"><span class=\"texte-hors-ecran\">AMQ 2021 Congress \u2013 Mathematical Connections<\/span><\/a><\/li><\/ul><\/section><\/div><div class=\"clearFix\"><\/div><\/div><\/section>\n\n\n\n<section class=\"wp-block-csrtcommun-gutenberg-block-bloc-strate  strate bg-gris-pale\" aria-label=\"\"><div class=\"strate-contenu\">\n<h2 class=\"wp-block-heading accent\">Pictures<\/h2>\n\n\n\n<figure class=\"wp-block-image size-full is-resized\"><img loading=\"lazy\" decoding=\"async\" width=\"999\" height=\"1008\" src=\"https:\/\/matherealiser.fse.ulaval.ca\/wp-content\/uploads\/sites\/13\/2021\/01\/E\u0301quipe-MR-1.png\" alt=\"\u00c9quipe Math\u00e9R\u00e9aliser. Claudia Corriveau et Doris Jeannotte\" class=\"wp-image-265\" style=\"aspect-ratio:1;object-fit:contain;width:366px;height:auto\"\/><figcaption class=\"wp-element-caption\">Claudia Corriveau and Doris Jeannotte at the GDM 2018 conference.<\/figcaption><\/figure>\n\n\n\n<p>To see pictures of the Math\u00e9R\u00e9aliser team at events, click the button below.<\/p>\n\n\n\n<div class=\"wp-block-csrtcommun-gutenberg-block-bloc-bouton-lien bouton-lien__wrapper  texte-gauche\"><a class=\"bouton-lien accent-blanc\" href=\"https:\/\/matherealiser.fse.ulaval.ca\/en\/events\/pictures\/\">See the Math\u00e9R\u00e9aliser team in action! <\/a><\/div>\n<div class=\"clearFix\"><\/div><\/div><\/section>\n","protected":false},"excerpt":{"rendered":"","protected":false},"author":67,"featured_media":0,"parent":0,"menu_order":0,"comment_status":"closed","ping_status":"closed","template":"page-titre.php","meta":{"_acf_changed":false,"footnotes":""},"class_list":["post-1471","page","type-page","status-publish","hentry"],"acf":[],"_links":{"self":[{"href":"https:\/\/matherealiser.fse.ulaval.ca\/en\/wp-json\/wp\/v2\/pages\/1471","targetHints":{"allow":["GET"]}}],"collection":[{"href":"https:\/\/matherealiser.fse.ulaval.ca\/en\/wp-json\/wp\/v2\/pages"}],"about":[{"href":"https:\/\/matherealiser.fse.ulaval.ca\/en\/wp-json\/wp\/v2\/types\/page"}],"author":[{"embeddable":true,"href":"https:\/\/matherealiser.fse.ulaval.ca\/en\/wp-json\/wp\/v2\/users\/67"}],"replies":[{"embeddable":true,"href":"https:\/\/matherealiser.fse.ulaval.ca\/en\/wp-json\/wp\/v2\/comments?post=1471"}],"version-history":[{"count":6,"href":"https:\/\/matherealiser.fse.ulaval.ca\/en\/wp-json\/wp\/v2\/pages\/1471\/revisions"}],"predecessor-version":[{"id":1504,"href":"https:\/\/matherealiser.fse.ulaval.ca\/en\/wp-json\/wp\/v2\/pages\/1471\/revisions\/1504"}],"wp:attachment":[{"href":"https:\/\/matherealiser.fse.ulaval.ca\/en\/wp-json\/wp\/v2\/media?parent=1471"}],"curies":[{"name":"wp","href":"https:\/\/api.w.org\/{rel}","templated":true}]}}