{"id":1469,"date":"2023-12-05T13:35:59","date_gmt":"2023-12-05T18:35:59","guid":{"rendered":"https:\/\/matherealiser.fse.ulaval.ca\/?page_id=1469"},"modified":"2023-12-06T08:20:13","modified_gmt":"2023-12-06T13:20:13","slug":"homepage","status":"publish","type":"page","link":"https:\/\/matherealiser.fse.ulaval.ca\/en\/","title":{"rendered":"Homepage"},"content":{"rendered":"\n<div class=\"wp-block-getwid-images-slider has-arrows-inside has-dots-inside has-images-center has-cropped-images has-fixed-height\"><div class=\"wp-block-getwid-images-slider__wrapper\" data-effect=\"slide\" data-slides-show=\"1\" data-slides-show-laptop=\"1\" data-slides-show-tablet=\"1\" data-slides-show-mobile=\"1\" data-slides-scroll=\"1\" data-autoplay=\"false\" data-autoplay-speed=\"6000\" data-infinite=\"true\" data-animation-speed=\"800\" data-center-mode=\"false\" data-variable-width=\"false\" data-arrows=\"inside\" data-dots=\"inside\" data-spacing=\"none\"><div class=\"wp-block-getwid-images-slider__item\" style=\"height:300px\"><figure><img loading=\"lazy\" decoding=\"async\" width=\"2560\" height=\"1025\" src=\"https:\/\/matherealiser.fse.ulaval.ca\/wp-content\/uploads\/sites\/13\/2021\/01\/Bandeau-scaled.jpg\" data-id=\"177\" data-link=\"https:\/\/matherealiser.fse.ulaval.ca\/accueil\/attachment\/blank-workbook\/\" data-original-link=\"https:\/\/matherealiser.fse.ulaval.ca\/wp-content\/uploads\/sites\/13\/2021\/01\/Bandeau-scaled.jpg\" class=\"wp-block-getwid-images-slider__image wp-image-177\" srcset=\"https:\/\/matherealiser.fse.ulaval.ca\/wp-content\/uploads\/sites\/13\/2021\/01\/Bandeau-scaled.jpg 2560w, https:\/\/matherealiser.fse.ulaval.ca\/wp-content\/uploads\/sites\/13\/2021\/01\/Bandeau-300x120.jpg 300w, https:\/\/matherealiser.fse.ulaval.ca\/wp-content\/uploads\/sites\/13\/2021\/01\/Bandeau-1024x410.jpg 1024w, https:\/\/matherealiser.fse.ulaval.ca\/wp-content\/uploads\/sites\/13\/2021\/01\/Bandeau-768x308.jpg 768w, https:\/\/matherealiser.fse.ulaval.ca\/wp-content\/uploads\/sites\/13\/2021\/01\/Bandeau-1536x615.jpg 1536w, https:\/\/matherealiser.fse.ulaval.ca\/wp-content\/uploads\/sites\/13\/2021\/01\/Bandeau-2048x820.jpg 2048w\" sizes=\"auto, (max-width: 2560px) 100vw, 2560px\" \/><\/figure><\/div><\/div><\/div>\n\n\n\n<section class=\"wp-block-csrtcommun-gutenberg-block-bloc-strate  strate\" aria-label=\"\"><div class=\"strate-contenu\">\n<div class=\"wp-block-csrtcommun-gutenberg-block-bloc-entete bloc-entete__wrapper\"><div class=\"bloc-entete\"><h1 class=\"accent\">Math\u00e9R\u00e9aliser<\/h1><div class=\"body\">The use of manipulative materials in the teaching and learning of mathematics in primary education.<\/div><\/div><\/div>\n\n\n\n<div class=\"wp-block-csrtcommun-gutenberg-block-bloc-bouton-plus bouton-plus__wrapper  texte-center\"><a class=\"bouton-plus\" href=\"https:\/\/matherealiser.fse.ulaval.ca\/en\/about-us\/\">lien<\/a><\/div>\n\n\n\n<div class=\"wp-block-csrtcommun-gutenberg-block-bloc-avertissement bloc-avertissement__wrapper\"><div class=\"bloc-avertissement\"><div class=\"body gris-pale\"><strong>The translation of this website has been carried out by artificial intelligence. It is possible that some sections may need further refinement.<\/strong><\/div><\/div><\/div>\n<div class=\"clearFix\"><\/div><\/div><\/section>\n\n\n\n<section class=\"wp-block-csrtcommun-gutenberg-block-bloc-strate-image-contenu  strate undefined bg-gris-pale\"><div class=\"strate-contenu-image right\"><div class=\"bloc-contenu\"><div>\n<h2 class=\"wp-block-heading accent\">The Diamond Game<\/h2>\n\n\n\n<p>The Diamond Game is a board game created by the Math\u00e9R\u00e9aliser team with the aim of introducing the number system in a fun way. No symbolic writing needed.<\/p>\n\n\n\n<div class=\"wp-block-csrtcommun-gutenberg-block-bloc-bouton-lien bouton-lien__wrapper  texte-gauche\"><a class=\"bouton-lien accent-blanc\" href=\"https:\/\/matherealiser.fse.ulaval.ca\/en\/the-diamond-game\/\">Discover the Diamond Game<\/a><\/div>\n<\/div><\/div><div class=\" bloc-image  image-active\"><img decoding=\"async\" src=\"https:\/\/matherealiser.fse.ulaval.ca\/wp-content\/uploads\/sites\/13\/2023\/10\/photo-du-jeu-pour-page-daccueil.jpg\"\/><\/div><\/div><\/section>\n\n\n\n<section class=\"wp-block-csrtcommun-gutenberg-block-bloc-strate  strate\" aria-label=\"\"><div class=\"strate-contenu\"><div class=\"posts_bloc__wrapper \"><h2 class=\"accent\">Upcoming Events<\/h2><section class=\"posts_bloc__liste avec-image\"><ul class=\"posts_bloc__liste-ul\"><div class=\"msg-aucun\">No events to display.<\/div><\/ul><div class=\"bouton-lien__wrapper\"><a href=\"https:\/\/matherealiser.fse.ulaval.ca\/en\/events\/\" class=\"bouton-lien\">View all events<\/a><\/div><\/section><\/div><div class=\"clearFix\"><\/div><\/div><\/section>\n\n\n\n<section class=\"wp-block-csrtcommun-gutenberg-block-bloc-strate  strate bg-gris-pale\" aria-label=\"\"><div class=\"strate-contenu\">\n<div class=\"wp-block-columns is-layout-flex wp-container-core-columns-is-layout-9d6595d7 wp-block-columns-is-layout-flex\">\n<div class=\"wp-block-column is-layout-flow wp-block-column-is-layout-flow\" style=\"flex-basis:50%\">\n<h2 class=\"wp-block-heading accent\">Publications<\/h2>\n\n\n\n<h3 class=\"wp-block-heading\">Articles<\/h3>\n\n\n\n<p>Jeannotte, D. et Corriveau, C. (2020). <a href=\"https:\/\/www.researchgate.net\/publication\/339254228_Interactions_between_pupils%27_actions_and_manipulative_characteristics_when_solving_an_arithmetical_task\" data-type=\"link\" data-id=\"https:\/\/www.researchgate.net\/publication\/339254228_Interactions_between_pupils%27_actions_and_manipulative_characteristics_when_solving_an_arithmetical_task\">Interactions Between Pupils\u2019 Actions and Manipulative Characteristics when Solving an Arithmetical task.<\/a>&nbsp;<em>Proceedings of the 11th Congress of the European Society for Research in Mathematics Education.<\/em>&nbsp;Utrecht, NL.&nbsp;<\/p>\n\n\n\n<p>Corriveau, C et Jeannotte, D. (2019). <a href=\"https:\/\/www.researchgate.net\/publication\/336440490_Travailler_le_principe_de_groupementechange_lie_a_la_numeration_sans_passer_par_l'ecriture_symbolique_analyse_des_strategies_d'eleves\" data-type=\"link\" data-id=\"https:\/\/www.researchgate.net\/publication\/336440490_Travailler_le_principe_de_groupementechange_lie_a_la_numeration_sans_passer_par_l'ecriture_symbolique_analyse_des_strategies_d'eleves\">Travailler le principe de groupement\/\u00e9change li\u00e9 \u00e0 la num\u00e9ration sans passer par l\u2019\u00e9criture symbolique : analyse de strat\u00e9gies d\u2019\u00e9l\u00e8ves.<\/a>&nbsp;<em>Grand N.&nbsp;<\/em>104, 59-70.<\/p>\n\n\n\n<p>Corriveau, C. et Jeannotte, D. (2019). <a href=\"https:\/\/www.researchgate.net\/publication\/334041387_Materiel_de_manipulation_pour_travailler_les_operations_necessaire_mais_est-ce_suffisant\" data-type=\"link\" data-id=\"https:\/\/www.researchgate.net\/publication\/334041387_Materiel_de_manipulation_pour_travailler_les_operations_necessaire_mais_est-ce_suffisant\">Mat\u00e9riel de manipulation pour travailler les op\u00e9rations : n\u00e9cessaire, mais est-ce suffisant ?<\/a>&nbsp;<em>Vivre le primaire<\/em>, Automne 2019, 48-49.&nbsp;<\/p>\n\n\n\n<div class=\"wp-block-csrtcommun-gutenberg-block-bloc-bouton-lien bouton-lien__wrapper  texte-gauche\"><a class=\"bouton-lien accent-blanc\" href=\"https:\/\/matherealiser.fse.ulaval.ca\/en\/publications\/\">View all publications<\/a><\/div>\n<\/div>\n\n\n\n<div class=\"wp-block-column is-layout-flow wp-block-column-is-layout-flow\" style=\"flex-basis:50%\">\n<h2 class=\"wp-block-heading accent\">Manipulatives<\/h2>\n\n\n\n<p>This page present various materials grouped according to the three categories prescribed in the learning progression. Under each material photo, additional characteristics are presented, along with an interactive version that can be projected onto an interactive whiteboard.<\/p>\n\n\n\n<div class=\"wp-block-csrtcommun-gutenberg-block-bloc-bouton-lien bouton-lien__wrapper  texte-gauche\"><a class=\"bouton-lien accent-blanc\" href=\"https:\/\/matherealiser.fse.ulaval.ca\/en\/manipulatives\/\">Explore the manipulatives and their characteristics<\/a><\/div>\n<\/div>\n<\/div>\n<div class=\"clearFix\"><\/div><\/div><\/section>\n","protected":false},"excerpt":{"rendered":"","protected":false},"author":67,"featured_media":0,"parent":0,"menu_order":0,"comment_status":"closed","ping_status":"closed","template":"","meta":{"_acf_changed":false,"footnotes":""},"class_list":["post-1469","page","type-page","status-publish","hentry"],"acf":[],"_links":{"self":[{"href":"https:\/\/matherealiser.fse.ulaval.ca\/en\/wp-json\/wp\/v2\/pages\/1469","targetHints":{"allow":["GET"]}}],"collection":[{"href":"https:\/\/matherealiser.fse.ulaval.ca\/en\/wp-json\/wp\/v2\/pages"}],"about":[{"href":"https:\/\/matherealiser.fse.ulaval.ca\/en\/wp-json\/wp\/v2\/types\/page"}],"author":[{"embeddable":true,"href":"https:\/\/matherealiser.fse.ulaval.ca\/en\/wp-json\/wp\/v2\/users\/67"}],"replies":[{"embeddable":true,"href":"https:\/\/matherealiser.fse.ulaval.ca\/en\/wp-json\/wp\/v2\/comments?post=1469"}],"version-history":[{"count":12,"href":"https:\/\/matherealiser.fse.ulaval.ca\/en\/wp-json\/wp\/v2\/pages\/1469\/revisions"}],"predecessor-version":[{"id":1520,"href":"https:\/\/matherealiser.fse.ulaval.ca\/en\/wp-json\/wp\/v2\/pages\/1469\/revisions\/1520"}],"wp:attachment":[{"href":"https:\/\/matherealiser.fse.ulaval.ca\/en\/wp-json\/wp\/v2\/media?parent=1469"}],"curies":[{"name":"wp","href":"https:\/\/api.w.org\/{rel}","templated":true}]}}