{"id":1382,"date":"2023-10-19T13:40:42","date_gmt":"2023-10-19T17:40:42","guid":{"rendered":"https:\/\/matherealiser.fse.ulaval.ca\/?page_id=1382"},"modified":"2024-01-26T07:03:49","modified_gmt":"2024-01-26T12:03:49","slug":"about-us","status":"publish","type":"page","link":"https:\/\/matherealiser.fse.ulaval.ca\/en\/about-us\/","title":{"rendered":"About us"},"content":{"rendered":"\n<div class=\"wp-block-group\"><div class=\"wp-block-group__inner-container is-layout-constrained wp-block-group-is-layout-constrained\">\n<div class=\"wp-block-group is-vertical is-content-justification-center is-layout-flex wp-container-core-group-is-layout-4b2eccd6 wp-block-group-is-layout-flex\">\n<section class=\"wp-block-csrtcommun-gutenberg-block-bloc-strate  strate\" aria-label=\"\"><div class=\"strate-contenu\">\n<div class=\"wp-block-getwid-icon has-layout-framed\"><div class=\"wp-block-getwid-icon__wrapper has-text-color\" style=\"color:#f60707\"><i class=\"fas fa-edit\"><\/i><\/div><\/div>\n\n\n\n<h2 class=\"wp-block-heading margin-top-20 accent margin-top-50\">Aims of the project<\/h2>\n\n\n\n<p>The Math\u00e9R\u00e9aliser research project has three main objectives.<\/p>\n\n\n\n<div class=\"wp-block-columns is-layout-flex wp-container-core-columns-is-layout-9d6595d7 wp-block-columns-is-layout-flex\">\n<div class=\"wp-block-column is-layout-flow wp-block-column-is-layout-flow\">\n<p>Firstly, the project aims to develop, in collaboration with teachers, a practice of using manipulatives in primary mathematics classes.<\/p>\n\n\n\n<figure class=\"wp-block-image size-full\"><img loading=\"lazy\" decoding=\"async\" width=\"1024\" height=\"682\" src=\"https:\/\/matherealiser.fse.ulaval.ca\/wp-content\/uploads\/sites\/13\/2021\/01\/creative-math-class-picture-id501577152-1.jpg\" alt=\"\" class=\"wp-image-240\" srcset=\"https:\/\/matherealiser.fse.ulaval.ca\/wp-content\/uploads\/sites\/13\/2021\/01\/creative-math-class-picture-id501577152-1.jpg 1024w, https:\/\/matherealiser.fse.ulaval.ca\/wp-content\/uploads\/sites\/13\/2021\/01\/creative-math-class-picture-id501577152-1-300x200.jpg 300w, https:\/\/matherealiser.fse.ulaval.ca\/wp-content\/uploads\/sites\/13\/2021\/01\/creative-math-class-picture-id501577152-1-768x512.jpg 768w\" sizes=\"auto, (max-width: 1024px) 100vw, 1024px\" \/><\/figure>\n<\/div>\n\n\n\n<div class=\"wp-block-column is-layout-flow wp-block-column-is-layout-flow\">\n<p>Secondly, it aims to better understand how manipulatives shape students&#8217; mathematical reasoning and classroom interactions.<\/p>\n\n\n\n<figure class=\"wp-block-image size-large\"><img loading=\"lazy\" decoding=\"async\" width=\"1024\" height=\"683\" src=\"https:\/\/matherealiser.fse.ulaval.ca\/wp-content\/uploads\/sites\/13\/2021\/01\/AbaqueGarcon-1024x683.jpg\" alt=\"\" class=\"wp-image-213\" srcset=\"https:\/\/matherealiser.fse.ulaval.ca\/wp-content\/uploads\/sites\/13\/2021\/01\/AbaqueGarcon-1024x683.jpg 1024w, https:\/\/matherealiser.fse.ulaval.ca\/wp-content\/uploads\/sites\/13\/2021\/01\/AbaqueGarcon-300x200.jpg 300w, https:\/\/matherealiser.fse.ulaval.ca\/wp-content\/uploads\/sites\/13\/2021\/01\/AbaqueGarcon-768x512.jpg 768w, https:\/\/matherealiser.fse.ulaval.ca\/wp-content\/uploads\/sites\/13\/2021\/01\/AbaqueGarcon.jpg 1254w\" sizes=\"auto, (max-width: 1024px) 100vw, 1024px\" \/><\/figure>\n<\/div>\n\n\n\n<div class=\"wp-block-column is-layout-flow wp-block-column-is-layout-flow\">\n<p>Thirdly, by using 3D printers to design manipulatives for teaching and learning mathematics, we aim to understand the didactic variables at play when materials are used.<\/p>\n\n\n\n<figure class=\"wp-block-image size-full is-resized\"><img loading=\"lazy\" decoding=\"async\" width=\"529\" height=\"524\" src=\"https:\/\/matherealiser.fse.ulaval.ca\/wp-content\/uploads\/sites\/13\/2023\/02\/Imprimante-3D.png\" alt=\"Imprimante Dremel Digilab utilis\u00e9e par l'\u00e9quipe Math\u00e9R\u00e9aliser\" class=\"wp-image-617\" style=\"aspect-ratio:1.0138888888888888;width:210px;height:auto\" srcset=\"https:\/\/matherealiser.fse.ulaval.ca\/wp-content\/uploads\/sites\/13\/2023\/02\/Imprimante-3D.png 529w, https:\/\/matherealiser.fse.ulaval.ca\/wp-content\/uploads\/sites\/13\/2023\/02\/Imprimante-3D-300x297.png 300w, https:\/\/matherealiser.fse.ulaval.ca\/wp-content\/uploads\/sites\/13\/2023\/02\/Imprimante-3D-150x150.png 150w\" sizes=\"auto, (max-width: 529px) 100vw, 529px\" \/><\/figure>\n<\/div>\n<\/div>\n<div class=\"clearFix\"><\/div><\/div><\/section>\n<\/div>\n<\/div><\/div>\n\n\n\n<section class=\"wp-block-csrtcommun-gutenberg-block-bloc-strate  strate bg-gris-pale\" aria-label=\"\"><div class=\"strate-contenu\">\n<div class=\"wp-block-getwid-icon has-layout-framed\"><div class=\"wp-block-getwid-icon__wrapper has-text-color\" style=\"color:#f60404\"><i class=\"fas fa-user\"><\/i><\/div><\/div>\n\n\n\n<h2 class=\"wp-block-heading accent margin-top-20\">Team<\/h2>\n\n\n<section aria-label='Personnel' class='personnel-moteur-recherche__wrapper '><section aria-label='Liste' class=\"personnel_bloc__wrapper\">\r\n\t\t\t\t<div aria-live='polite' id='personnel_bloc__liste-7587' class='personnel_bloc__liste detaille' data-category='personnel' data-categorie-personnel='' data-categories-personnel='38' data-detail='detaille' data-affiche-image='1' data-affiche-popup='' data-lang='en'><article class=\"detaille avec-image\">\r\n\t\t\t\t<div><div class=\"image\"><img decoding=\"async\" src=\"https:\/\/matherealiser.fse.ulaval.ca\/wp-content\/uploads\/sites\/13\/2024\/02\/32455_photo_g__Claudia_Corriveau-RET-0504.jpeg\" alt=\"\"\\\/><\/div><div class=\"detail\">\r\n\t\t\t\t\t\t<div class='detail-coordonnees'>\r\n\t\t\t\t\t\t\t<div class=\"prenom-nom\">Claudia  Corriveau<\/div><div class=\"titre-poste\">Project manager<\/div><div class=\"description\">Claudia Corriveau is a professor of mathematics education at Laval University and is responsible for the Math\u00e9R\u00e9aliser project.<\/div><\/div>\r\n\t\t\t\t\t\t  <div class='liens'><div class='bouton-icone__wrapper'><a class='bouton-icone bouton-site-internet' href='https:\/\/www.fse.ulaval.ca\/cv\/claudia.corriveau\/' title='Lien vers site web qui ouvre dans une nouvelle fen\u00eatre' target='_blank'>lien<\/a><\/div><\/div><\/div>\r\n\t\t\t\t<\/div>\r\n\t\t\t<\/article><article class=\"detaille avec-image\">\r\n\t\t\t\t<div><div class=\"image\"><img decoding=\"async\" src=\"https:\/\/matherealiser.fse.ulaval.ca\/wp-content\/uploads\/sites\/13\/2022\/10\/Doris.jpg\" alt=\"Doris Jeannotte\"\\\/><\/div><div class=\"detail\">\r\n\t\t\t\t\t\t<div class='detail-coordonnees'>\r\n\t\t\t\t\t\t\t<div class=\"prenom-nom\">Doris Jeannotte<\/div><div class=\"titre-poste\">Co-responsible<\/div><div class=\"description\">Doris Jeannotte is a professor of mathematics education at UQAM (Universit\u00e9 du Qu\u00e9bec \u00e0 Montr\u00e9al) and co-responsible of the Math\u00e9R\u00e9aliser project.<\/div><\/div>\r\n\t\t\t\t\t\t  <div class='liens'><div class='bouton-icone__wrapper'><a class='bouton-icone bouton-site-internet' href='https:\/\/professeurs.uqam.ca\/professeur\/jeannotte.doris\/' title='Lien vers site web qui ouvre dans une nouvelle fen\u00eatre' target='_blank'>lien<\/a><\/div><\/div><\/div>\r\n\t\t\t\t<\/div>\r\n\t\t\t<\/article><\/div><\/section><\/section>\n\n<section aria-label='Personnel' class='personnel-moteur-recherche__wrapper '><section aria-label='Liste' class=\"personnel_bloc__wrapper\">\r\n\t\t\t\t<div aria-live='polite' id='personnel_bloc__liste-4522' class='personnel_bloc__liste detaille' data-category='personnel' data-categorie-personnel='' data-categories-personnel='31' data-detail='detaille' data-affiche-image='1' data-affiche-popup='' data-lang='en'><article class=\"detaille avec-image\">\r\n\t\t\t\t<div><div class=\"image\"><img decoding=\"async\" src=\"https:\/\/matherealiser.fse.ulaval.ca\/wp-content\/themes\/csrt-commun\/assets\/img\/default-image-person.png\" alt=\"Default image\"\\\/><\/div><div class=\"detail\">\r\n\t\t\t\t\t\t<div class='detail-coordonnees'>\r\n\t\t\t\t\t\t\t<div class=\"prenom-nom\">Audrey Garneau<\/div><div class=\"titre-poste\">Research professional<\/div><div class=\"description\">Audrey Garneau is a research professional within the Math\u00e9R\u00e9aliser team. She has been collaborating with the team since 2014 and holds a master&#8217;s degree in mathematics education from Laval University.<\/div><\/div>\r\n\t\t\t\t\t\t  <div class='liens'><\/div><\/div>\r\n\t\t\t\t<\/div>\r\n\t\t\t<\/article><\/div><\/section><\/section>\n\n<section aria-label='Personnel' class='personnel-moteur-recherche__wrapper '><section aria-label='Liste' class=\"personnel_bloc__wrapper\">\r\n\t\t\t\t<div aria-live='polite' id='personnel_bloc__liste-4578' class='personnel_bloc__liste detaille' data-category='personnel' data-categorie-personnel='' data-categories-personnel='35' data-detail='detaille' data-affiche-image='1' data-affiche-popup='' data-lang='en'><article class=\"detaille avec-image\">\r\n\t\t\t\t<div><div class=\"image\"><img decoding=\"async\" src=\"https:\/\/matherealiser.fse.ulaval.ca\/wp-content\/uploads\/sites\/13\/2023\/09\/Maurice-e1694521343419.png\" alt=\"Maurice Agbatchi\"\\\/><\/div><div class=\"detail\">\r\n\t\t\t\t\t\t<div class='detail-coordonnees'>\r\n\t\t\t\t\t\t\t<div class=\"prenom-nom\">Maurice Agbatchi<\/div><div class=\"titre-poste\">PhD student<\/div><div class=\"description\">Maurice Agbatchi is a mathematics professor at C\u00e9gep Montmorency. He is also a doctoral candidate within the Math\u00e9R\u00e9aliser project at Laval University.<\/div><\/div>\r\n\t\t\t\t\t\t  <div class='liens'><\/div><\/div>\r\n\t\t\t\t<\/div>\r\n\t\t\t<\/article><article class=\"detaille avec-image\">\r\n\t\t\t\t<div><div class=\"image\"><img decoding=\"async\" src=\"https:\/\/matherealiser.fse.ulaval.ca\/wp-content\/uploads\/sites\/13\/2023\/09\/Ariane.png\" alt=\"Ariane B\u00e9langer-Fortin\"\\\/><\/div><div class=\"detail\">\r\n\t\t\t\t\t\t<div class='detail-coordonnees'>\r\n\t\t\t\t\t\t\t<div class=\"prenom-nom\">Ariane B\u00e9langer-Fortin<\/div><div class=\"titre-poste\">PhD student<\/div><div class=\"description\">Ariane B\u00e9langer-Fortin is a lecturer at UQAR (Universit\u00e9 du Qu\u00e9bec \u00e0 Rimouski). She is also a doctoral candidate at Laval University.<\/div><\/div>\r\n\t\t\t\t\t\t  <div class='liens'><\/div><\/div>\r\n\t\t\t\t<\/div>\r\n\t\t\t<\/article><article class=\"detaille avec-image\">\r\n\t\t\t\t<div><div class=\"image\"><img decoding=\"async\" src=\"https:\/\/matherealiser.fse.ulaval.ca\/wp-content\/uploads\/sites\/13\/2023\/09\/Benjamin-scaled.jpg\" alt=\"Benjamin Nicolas-Noir\"\\\/><\/div><div class=\"detail\">\r\n\t\t\t\t\t\t<div class='detail-coordonnees'>\r\n\t\t\t\t\t\t\t<div class=\"prenom-nom\">Benjamin Nicolas-Noir<\/div><div class=\"titre-poste\">PhD student<\/div><div class=\"description\">Benjamin Nicolas-Noir is a doctoral candidate at Laval University and a research assistant within the Math\u00e9R\u00e9aliser team.<\/div><\/div>\r\n\t\t\t\t\t\t  <div class='liens'><\/div><\/div>\r\n\t\t\t\t<\/div>\r\n\t\t\t<\/article><article class=\"detaille avec-image\">\r\n\t\t\t\t<div><div class=\"image\"><img decoding=\"async\" src=\"https:\/\/matherealiser.fse.ulaval.ca\/wp-content\/uploads\/sites\/13\/2022\/10\/220830_portraits-annuaire-2022_PhilippeRuelphotographie-130-scaled.jpg\" alt=\"Catherine Verret\"\\\/><\/div><div class=\"detail\">\r\n\t\t\t\t\t\t<div class='detail-coordonnees'>\r\n\t\t\t\t\t\t\t<div class=\"prenom-nom\">Catherine Verret<\/div><div class=\"titre-poste\">Master&#8217;s student<\/div><div class=\"description\">Catherine Verret is a pedagogical advisor at the Capitale Service Center. She is also a master&#8217;s student in didactics within the Math\u00e9R\u00e9aliser project at Laval University.<\/div><\/div>\r\n\t\t\t\t\t\t  <div class='liens'><\/div><\/div>\r\n\t\t\t\t<\/div>\r\n\t\t\t<\/article><\/div><\/section><\/section>\n\n<section aria-label='Personnel' class='personnel-moteur-recherche__wrapper '><section aria-label='Liste' class=\"personnel_bloc__wrapper\">\r\n\t\t\t\t<div aria-live='polite' id='personnel_bloc__liste-8720' class='personnel_bloc__liste detaille' data-category='personnel' data-categorie-personnel='' data-categories-personnel='36' data-detail='detaille' data-affiche-image='1' data-affiche-popup='' data-lang='en'><div class='msg-aucun'>No member to display.<\/div><\/div><\/section><\/section>\n\n<section aria-label='Personnel' class='personnel-moteur-recherche__wrapper '><section aria-label='Liste' class=\"personnel_bloc__wrapper\">\r\n\t\t\t\t<div aria-live='polite' id='personnel_bloc__liste-6745' class='personnel_bloc__liste detaille' data-category='personnel' data-categorie-personnel='' data-categories-personnel='30' data-detail='detaille' data-affiche-image='1' data-affiche-popup='' data-lang='en'><article class=\"detaille avec-image\">\r\n\t\t\t\t<div><div class=\"image\"><img decoding=\"async\" src=\"https:\/\/matherealiser.fse.ulaval.ca\/wp-content\/uploads\/sites\/13\/2022\/10\/Capture-decran-le-2021-10-20-a-21.49.06-270x300-1.jpg\" alt=\"Anne-Sophie Charest\"\\\/><\/div><div class=\"detail\">\r\n\t\t\t\t\t\t<div class='detail-coordonnees'>\r\n\t\t\t\t\t\t\t<div class=\"prenom-nom\">Anne-Sophie Charest<\/div><div class=\"titre-poste\">Collaborator<\/div><div class=\"description\">Anne-Sophie Charest is a statistics professor at Laval University and a collaborator with the Math\u00e9R\u00e9aliser team.<\/div><\/div>\r\n\t\t\t\t\t\t  <div class='liens'><div class='bouton-icone__wrapper'><a class='bouton-icone bouton-site-internet' href='https:\/\/www.mat.ulaval.ca\/departement-et-professeurs\/direction-personnel-et-etudiants\/professeurs\/fiche-de-professeur\/anne-sophie-charest-84' title='Lien vers site web qui ouvre dans une nouvelle fen\u00eatre' target='_blank'>lien<\/a><\/div><\/div><\/div>\r\n\t\t\t\t<\/div>\r\n\t\t\t<\/article><article class=\"detaille avec-image\">\r\n\t\t\t\t<div><div class=\"image\"><img decoding=\"async\" src=\"https:\/\/matherealiser.fse.ulaval.ca\/wp-content\/uploads\/sites\/13\/2022\/10\/steven-2-280x300-1.jpg\" alt=\"Steven Greenstein\"\\\/><\/div><div class=\"detail\">\r\n\t\t\t\t\t\t<div class='detail-coordonnees'>\r\n\t\t\t\t\t\t\t<div class=\"prenom-nom\">Steven Greenstein<\/div><div class=\"titre-poste\">Collaborator<\/div><div class=\"description\">Steven Greenstein is a professor of didactics at Montclair State University and a collaborator with the Math\u00e9R\u00e9aliser team.<\/div><\/div>\r\n\t\t\t\t\t\t  <div class='liens'><\/div><\/div>\r\n\t\t\t\t<\/div>\r\n\t\t\t<\/article><article class=\"detaille avec-image\">\r\n\t\t\t\t<div><div class=\"image\"><img decoding=\"async\" src=\"https:\/\/matherealiser.fse.ulaval.ca\/wp-content\/uploads\/sites\/13\/2022\/10\/Personnel_photo-profil.jpg\" alt=\"Photo de profil vide\"\\\/><\/div><div class=\"detail\">\r\n\t\t\t\t\t\t<div class='detail-coordonnees'>\r\n\t\t\t\t\t\t\t<div class=\"prenom-nom\">Emmanuel Houde<\/div><div class=\"titre-poste\">Collaborator<\/div><div class=\"description\">Emmanuel Houde is a secondary school teacher and collaborator with the Math\u00e9R\u00e9aliser team.<\/div><\/div>\r\n\t\t\t\t\t\t  <div class='liens'><\/div><\/div>\r\n\t\t\t\t<\/div>\r\n\t\t\t<\/article><article class=\"detaille avec-image\">\r\n\t\t\t\t<div><div class=\"image\"><img decoding=\"async\" src=\"https:\/\/matherealiser.fse.ulaval.ca\/wp-content\/uploads\/sites\/13\/2023\/09\/Moisan_Ivanhoe-1.jpg\" alt=\"Ivanhoe Moisan\"\\\/><\/div><div class=\"detail\">\r\n\t\t\t\t\t\t<div class='detail-coordonnees'>\r\n\t\t\t\t\t\t\t<div class=\"prenom-nom\">Ivanho\u00e9 Moisan<\/div><div class=\"titre-poste\">Collaborator<\/div><div class=\"description\">Ivanho\u00e9 Moisan is a development agent at the Octet technological initiatives laboratory of the Capitale School Services Center and collaborator with the Math\u00e9R\u00e9aliser team.<\/div><\/div>\r\n\t\t\t\t\t\t  <div class='liens'><div class='bouton-icone__wrapper'><a class='bouton-icone bouton-site-internet' href='https:\/\/octet.cscapitale.qc.ca\/accueil' title='Lien vers site web qui ouvre dans une nouvelle fen\u00eatre' target='_blank'>lien<\/a><\/div><\/div><\/div>\r\n\t\t\t\t<\/div>\r\n\t\t\t<\/article><\/div><\/section><\/section><div class=\"clearFix\"><\/div><\/div><\/section>\n","protected":false},"excerpt":{"rendered":"","protected":false},"author":29,"featured_media":0,"parent":0,"menu_order":0,"comment_status":"closed","ping_status":"closed","template":"page-titre.php","meta":{"_acf_changed":false,"footnotes":""},"class_list":["post-1382","page","type-page","status-publish","hentry"],"acf":[],"_links":{"self":[{"href":"https:\/\/matherealiser.fse.ulaval.ca\/en\/wp-json\/wp\/v2\/pages\/1382","targetHints":{"allow":["GET"]}}],"collection":[{"href":"https:\/\/matherealiser.fse.ulaval.ca\/en\/wp-json\/wp\/v2\/pages"}],"about":[{"href":"https:\/\/matherealiser.fse.ulaval.ca\/en\/wp-json\/wp\/v2\/types\/page"}],"author":[{"embeddable":true,"href":"https:\/\/matherealiser.fse.ulaval.ca\/en\/wp-json\/wp\/v2\/users\/29"}],"replies":[{"embeddable":true,"href":"https:\/\/matherealiser.fse.ulaval.ca\/en\/wp-json\/wp\/v2\/comments?post=1382"}],"version-history":[{"count":8,"href":"https:\/\/matherealiser.fse.ulaval.ca\/en\/wp-json\/wp\/v2\/pages\/1382\/revisions"}],"predecessor-version":[{"id":1646,"href":"https:\/\/matherealiser.fse.ulaval.ca\/en\/wp-json\/wp\/v2\/pages\/1382\/revisions\/1646"}],"wp:attachment":[{"href":"https:\/\/matherealiser.fse.ulaval.ca\/en\/wp-json\/wp\/v2\/media?parent=1382"}],"curies":[{"name":"wp","href":"https:\/\/api.w.org\/{rel}","templated":true}]}}